{"id":1121,"date":"2024-04-10T17:21:44","date_gmt":"2024-04-10T15:21:44","guid":{"rendered":"https:\/\/maximacosmetics.com\/?page_id=1121"},"modified":"2024-06-28T10:59:35","modified_gmt":"2024-06-28T08:59:35","slug":"about-manifesto","status":"publish","type":"page","link":"https:\/\/maximacosmetics.com\/en\/about-manifesto\/","title":{"rendered":"About Us Manifesto"},"content":{"rendered":"<section id=\"about-us-manifesto\">\n<div class=\"grid grid-template-2\">\n<div class=\"card-1 relative\" data-aos=\"fade-right\" data-aos-offset=\"300\" data-aos-duration=\"1800\"><img decoding=\"async\" src=\"\/wp-content\/uploads\/2024\/04\/about_us_4-scaled.jpg\" alt=\"\" \/><\/div>\n<div class=\"card-2\" data-aos=\"fade-left\" data-aos-offset=\"300\" data-aos-duration=\"1800\">\n<p class=\"font-20 pb-1 bold uppercase line-green inline-block\">MISSION: OUR COMMITMENT<\/p>\n<h2 class=\"uppercase\">Eco-Conscious Haircare<\/h2>\n<p class=\"font-20 pt-2\">Immersed in the philosophy of Eco-Conscious Haircare, our ongoing commitment to Research and Development is the soul of our productions. Through careful exploration of <span class=\"bold\">raw materials<\/span>, we ensure excellent <span class=\"bold\">quality and safety<\/span> in each of our products<\/p>\n<p class=\"font-20 pt-2\">In keeping with the <span class=\"bold\">principles of sustainability<\/span>, we develop formulations that embrace the authentic beauty of nature. Our recipe is composed of simple and original ingredients through the deep sense of participation and spirit of belonging of the entire team.<\/p>\n<p class=\"font-20 pt-2\">Each member of the Maxima team, actively contributes their professional and personal resources to the creation and development of products, projects and activities, with ideas, energy, enthusiasm and passion.<\/p>\n<\/div>\n<\/div>\n<div class=\"grid grid-template-2\">\n<div class=\"card-3\" data-aos=\"fade-right\" data-aos-offset=\"300\" data-aos-duration=\"1800\">\n<p class=\"font-20 pb-1 bold uppercase line-maxima inline-block\">OUR VALUES<\/p>\n<h2 class=\"uppercase\">Beauty for All<\/h2>\n<p class=\"font-20 pt-1 nomobile\">Maxima believes in the culture of universal beauty:<br \/>\nevery person possesses a natural beauty made up of uniqueness and balance.<\/p>\n<p class=\"font-20 pt-1 nomobile\">Our goal is to improve, preserve and enhance the natural well-being of the hair and scalp with professional solutions created with ethics and responsibility. Inclusive beauty in its uniqueness is an indispensable value asset for Maxima.<\/p>\n<p class=\"font-20 pt-1 nodesktop\">Maxima crede nella cultura della bellezza universale: ogni persona possiede una bellezza naturale fatta di unicit\u00e0 ed equilibrio. Il nostro obiettivo \u00e8 migliorare, preservare ed esaltare il naturale benessere del capello e del cuoio capelluto con soluzioni professionali create con etica e responsabilit\u00e0. La bellezza inclusiva nelle sue unicit\u00e0 \u00e8 per Maxima un asset valoriale imprescindibile.<\/p>\n<\/div>\n<div class=\"card-4 relative\" data-aos=\"fade-left\" data-aos-offset=\"300\" data-aos-duration=\"1800\"><img decoding=\"async\" src=\"\/wp-content\/uploads\/2024\/05\/Manifesto-IMG-2.jpg\" alt=\"\" \/><\/div>\n<\/div>\n<\/section>","protected":false},"excerpt":{"rendered":"<p>MISSION: IL NOSTRO IMPEGNO Eco-Conscious Haircare Immersi nella filosofia dell\u2019Eco-Conscious Haircare, il nostro impegno costante nella Ricerca e Sviluppo, rappresenta l\u2019anima delle nostre produzioni. Attraverso un\u2019esplorazione accurata delle materie prime, garantiamo un\u2019eccellente qualita\u0300 e sicurezza in ogni nostro prodotto Nel rispetto dei principi della sostenibilita\u0300, sviluppiamo formulazioni che abbracciano la bellezza autentica della natura. La [&hellip;]<\/p>","protected":false},"author":1,"featured_media":0,"parent":0,"menu_order":0,"comment_status":"closed","ping_status":"closed","template":"","meta":{"footnotes":""},"class_list":["post-1121","page","type-page","status-publish","hentry"],"yoast_head":"<!-- This site is optimized with the Yoast SEO plugin v26.8 - https:\/\/yoast.com\/product\/yoast-seo-wordpress\/ -->\n<title>About Us Manifesto - Maxima<\/title>\n<meta name=\"robots\" content=\"index, follow, max-snippet:-1, max-image-preview:large, max-video-preview:-1\" \/>\n<link rel=\"canonical\" href=\"https:\/\/maximacosmetics.com\/en\/about-manifesto\/\" \/>\n<meta property=\"og:locale\" content=\"en_US\" \/>\n<meta property=\"og:type\" content=\"article\" \/>\n<meta property=\"og:title\" content=\"About Us Manifesto - Maxima\" \/>\n<meta property=\"og:description\" content=\"MISSION: IL NOSTRO IMPEGNO Eco-Conscious Haircare Immersi nella filosofia dell\u2019Eco-Conscious Haircare, il nostro impegno costante nella Ricerca e Sviluppo, rappresenta l\u2019anima delle nostre produzioni. Attraverso un\u2019esplorazione accurata delle materie prime, garantiamo un\u2019eccellente qualita\u0300 e sicurezza in ogni nostro prodotto Nel rispetto dei principi della sostenibilita\u0300, sviluppiamo formulazioni che abbracciano la bellezza autentica della natura. La [&hellip;]\" \/>\n<meta property=\"og:url\" content=\"https:\/\/maximacosmetics.com\/en\/about-manifesto\/\" \/>\n<meta property=\"og:site_name\" content=\"Maxima\" \/>\n<meta property=\"article:modified_time\" content=\"2024-06-28T08:59:35+00:00\" \/>\n<meta name=\"twitter:card\" content=\"summary_large_image\" \/>\n<meta name=\"twitter:label1\" content=\"Est. reading time\" \/>\n\t<meta name=\"twitter:data1\" content=\"2 minutes\" \/>\n<script type=\"application\/ld+json\" class=\"yoast-schema-graph\">{\"@context\":\"https:\/\/schema.org\",\"@graph\":[{\"@type\":\"WebPage\",\"@id\":\"https:\/\/maximacosmetics.com\/about-manifesto\/\",\"url\":\"https:\/\/maximacosmetics.com\/about-manifesto\/\",\"name\":\"About Us Manifesto - Maxima\",\"isPartOf\":{\"@id\":\"https:\/\/maximacosmetics.com\/#website\"},\"datePublished\":\"2024-04-10T15:21:44+00:00\",\"dateModified\":\"2024-06-28T08:59:35+00:00\",\"breadcrumb\":{\"@id\":\"https:\/\/maximacosmetics.com\/about-manifesto\/#breadcrumb\"},\"inLanguage\":\"en-US\",\"potentialAction\":[{\"@type\":\"ReadAction\",\"target\":[\"https:\/\/maximacosmetics.com\/about-manifesto\/\"]}]},{\"@type\":\"BreadcrumbList\",\"@id\":\"https:\/\/maximacosmetics.com\/about-manifesto\/#breadcrumb\",\"itemListElement\":[{\"@type\":\"ListItem\",\"position\":1,\"name\":\"Home\",\"item\":\"https:\/\/maximacosmetics.com\/\"},{\"@type\":\"ListItem\",\"position\":2,\"name\":\"About Us Manifesto\"}]},{\"@type\":\"WebSite\",\"@id\":\"https:\/\/maximacosmetics.com\/#website\",\"url\":\"https:\/\/maximacosmetics.com\/\",\"name\":\"Maxima Cosmetics\",\"description\":\"\",\"publisher\":{\"@id\":\"https:\/\/maximacosmetics.com\/#organization\"},\"potentialAction\":[{\"@type\":\"SearchAction\",\"target\":{\"@type\":\"EntryPoint\",\"urlTemplate\":\"https:\/\/maximacosmetics.com\/?s={search_term_string}\"},\"query-input\":{\"@type\":\"PropertyValueSpecification\",\"valueRequired\":true,\"valueName\":\"search_term_string\"}}],\"inLanguage\":\"en-US\"},{\"@type\":\"Organization\",\"@id\":\"https:\/\/maximacosmetics.com\/#organization\",\"name\":\"Maxima Cosmetics\",\"url\":\"https:\/\/maximacosmetics.com\/\",\"logo\":{\"@type\":\"ImageObject\",\"inLanguage\":\"en-US\",\"@id\":\"https:\/\/maximacosmetics.com\/#\/schema\/logo\/image\/\",\"url\":\"https:\/\/maximacosmetics.com\/wp-content\/uploads\/2024\/04\/logo-nook.svg\",\"contentUrl\":\"https:\/\/maximacosmetics.com\/wp-content\/uploads\/2024\/04\/logo-nook.svg\",\"width\":312,\"height\":109,\"caption\":\"Maxima Cosmetics\"},\"image\":{\"@id\":\"https:\/\/maximacosmetics.com\/#\/schema\/logo\/image\/\"},\"sameAs\":[\"https:\/\/it.linkedin.com\/company\/maxima-cosmetics\"]}]}<\/script>\n<!-- \/ Yoast SEO plugin. -->","yoast_head_json":{"title":"About Us Manifesto - Maxima","robots":{"index":"index","follow":"follow","max-snippet":"max-snippet:-1","max-image-preview":"max-image-preview:large","max-video-preview":"max-video-preview:-1"},"canonical":"https:\/\/maximacosmetics.com\/en\/about-manifesto\/","og_locale":"en_US","og_type":"article","og_title":"About Us Manifesto - Maxima","og_description":"MISSION: IL NOSTRO IMPEGNO Eco-Conscious Haircare Immersi nella filosofia dell\u2019Eco-Conscious Haircare, il nostro impegno costante nella Ricerca e Sviluppo, rappresenta l\u2019anima delle nostre produzioni. Attraverso un\u2019esplorazione accurata delle materie prime, garantiamo un\u2019eccellente qualita\u0300 e sicurezza in ogni nostro prodotto Nel rispetto dei principi della sostenibilita\u0300, sviluppiamo formulazioni che abbracciano la bellezza autentica della natura. La [&hellip;]","og_url":"https:\/\/maximacosmetics.com\/en\/about-manifesto\/","og_site_name":"Maxima","article_modified_time":"2024-06-28T08:59:35+00:00","twitter_card":"summary_large_image","twitter_misc":{"Est. reading time":"2 minutes"},"schema":{"@context":"https:\/\/schema.org","@graph":[{"@type":"WebPage","@id":"https:\/\/maximacosmetics.com\/about-manifesto\/","url":"https:\/\/maximacosmetics.com\/about-manifesto\/","name":"About Us Manifesto - Maxima","isPartOf":{"@id":"https:\/\/maximacosmetics.com\/#website"},"datePublished":"2024-04-10T15:21:44+00:00","dateModified":"2024-06-28T08:59:35+00:00","breadcrumb":{"@id":"https:\/\/maximacosmetics.com\/about-manifesto\/#breadcrumb"},"inLanguage":"en-US","potentialAction":[{"@type":"ReadAction","target":["https:\/\/maximacosmetics.com\/about-manifesto\/"]}]},{"@type":"BreadcrumbList","@id":"https:\/\/maximacosmetics.com\/about-manifesto\/#breadcrumb","itemListElement":[{"@type":"ListItem","position":1,"name":"Home","item":"https:\/\/maximacosmetics.com\/"},{"@type":"ListItem","position":2,"name":"About Us Manifesto"}]},{"@type":"WebSite","@id":"https:\/\/maximacosmetics.com\/#website","url":"https:\/\/maximacosmetics.com\/","name":"Maxima Cosmetics","description":"","publisher":{"@id":"https:\/\/maximacosmetics.com\/#organization"},"potentialAction":[{"@type":"SearchAction","target":{"@type":"EntryPoint","urlTemplate":"https:\/\/maximacosmetics.com\/?s={search_term_string}"},"query-input":{"@type":"PropertyValueSpecification","valueRequired":true,"valueName":"search_term_string"}}],"inLanguage":"en-US"},{"@type":"Organization","@id":"https:\/\/maximacosmetics.com\/#organization","name":"Maxima Cosmetics","url":"https:\/\/maximacosmetics.com\/","logo":{"@type":"ImageObject","inLanguage":"en-US","@id":"https:\/\/maximacosmetics.com\/#\/schema\/logo\/image\/","url":"https:\/\/maximacosmetics.com\/wp-content\/uploads\/2024\/04\/logo-nook.svg","contentUrl":"https:\/\/maximacosmetics.com\/wp-content\/uploads\/2024\/04\/logo-nook.svg","width":312,"height":109,"caption":"Maxima Cosmetics"},"image":{"@id":"https:\/\/maximacosmetics.com\/#\/schema\/logo\/image\/"},"sameAs":["https:\/\/it.linkedin.com\/company\/maxima-cosmetics"]}]}},"_links":{"self":[{"href":"https:\/\/maximacosmetics.com\/en\/wp-json\/wp\/v2\/pages\/1121","targetHints":{"allow":["GET"]}}],"collection":[{"href":"https:\/\/maximacosmetics.com\/en\/wp-json\/wp\/v2\/pages"}],"about":[{"href":"https:\/\/maximacosmetics.com\/en\/wp-json\/wp\/v2\/types\/page"}],"author":[{"embeddable":true,"href":"https:\/\/maximacosmetics.com\/en\/wp-json\/wp\/v2\/users\/1"}],"replies":[{"embeddable":true,"href":"https:\/\/maximacosmetics.com\/en\/wp-json\/wp\/v2\/comments?post=1121"}],"version-history":[{"count":20,"href":"https:\/\/maximacosmetics.com\/en\/wp-json\/wp\/v2\/pages\/1121\/revisions"}],"predecessor-version":[{"id":2361,"href":"https:\/\/maximacosmetics.com\/en\/wp-json\/wp\/v2\/pages\/1121\/revisions\/2361"}],"wp:attachment":[{"href":"https:\/\/maximacosmetics.com\/en\/wp-json\/wp\/v2\/media?parent=1121"}],"curies":[{"name":"wp","href":"https:\/\/api.w.org\/{rel}","templated":true}]}}